{"id":24055,"date":"2026-01-26T23:15:53","date_gmt":"2026-01-26T22:15:53","guid":{"rendered":"https:\/\/smartskin.al\/?post_type=product&#038;p=24055"},"modified":"2026-02-11T15:30:36","modified_gmt":"2026-02-11T14:30:36","slug":"classica-for-men-crema-corpo","status":"publish","type":"product","link":"https:\/\/smartskin.al\/it\/shop\/classica-for-men-crema-corpo","title":{"rendered":"Classica for Men | Crema Corpo"},"content":{"rendered":"\t\t<div data-elementor-type=\"wp-post\" data-elementor-id=\"24055\" class=\"elementor elementor-24055\" data-elementor-post-type=\"product\">\n\t\t\t\t\t\t<section class=\"elementor-section elementor-top-section elementor-element elementor-element-100e9eb5 elementor-section-boxed elementor-section-height-default elementor-section-height-default\" data-id=\"100e9eb5\" data-element_type=\"section\" data-e-type=\"section\" data-settings=\"{&quot;jet_parallax_layout_list&quot;:[{&quot;_id&quot;:&quot;84bf54e&quot;,&quot;jet_parallax_layout_image&quot;:{&quot;url&quot;:&quot;&quot;,&quot;id&quot;:&quot;&quot;,&quot;size&quot;:&quot;&quot;},&quot;jet_parallax_layout_image_tablet&quot;:{&quot;url&quot;:&quot;&quot;,&quot;id&quot;:&quot;&quot;,&quot;size&quot;:&quot;&quot;},&quot;jet_parallax_layout_image_mobile&quot;:{&quot;url&quot;:&quot;&quot;,&quot;id&quot;:&quot;&quot;,&quot;size&quot;:&quot;&quot;},&quot;jet_parallax_layout_speed&quot;:{&quot;unit&quot;:&quot;%&quot;,&quot;size&quot;:50,&quot;sizes&quot;:[]},&quot;jet_parallax_layout_type&quot;:&quot;scroll&quot;,&quot;jet_parallax_layout_direction&quot;:&quot;1&quot;,&quot;jet_parallax_layout_fx_direction&quot;:null,&quot;jet_parallax_layout_z_index&quot;:&quot;&quot;,&quot;jet_parallax_layout_bg_x&quot;:50,&quot;jet_parallax_layout_bg_x_tablet&quot;:&quot;&quot;,&quot;jet_parallax_layout_bg_x_mobile&quot;:&quot;&quot;,&quot;jet_parallax_layout_bg_y&quot;:50,&quot;jet_parallax_layout_bg_y_tablet&quot;:&quot;&quot;,&quot;jet_parallax_layout_bg_y_mobile&quot;:&quot;&quot;,&quot;jet_parallax_layout_bg_size&quot;:&quot;auto&quot;,&quot;jet_parallax_layout_bg_size_tablet&quot;:&quot;&quot;,&quot;jet_parallax_layout_bg_size_mobile&quot;:&quot;&quot;,&quot;jet_parallax_layout_animation_prop&quot;:&quot;transform&quot;,&quot;jet_parallax_layout_on&quot;:[&quot;desktop&quot;,&quot;tablet&quot;]}]}\">\n\t\t\t\t\t\t<div class=\"elementor-container elementor-column-gap-no\">\n\t\t\t\t\t<div class=\"elementor-column elementor-col-50 elementor-top-column elementor-element elementor-element-5c69d222\" data-id=\"5c69d222\" data-element_type=\"column\" data-e-type=\"column\">\n\t\t\t<div class=\"elementor-widget-wrap elementor-element-populated\">\n\t\t\t\t\t\t<div class=\"elementor-element elementor-element-41f94958 elementor-widget elementor-widget-dt-shop-product-images-default\" data-id=\"41f94958\" data-element_type=\"widget\" data-e-type=\"widget\" data-widget_type=\"dt-shop-product-images-default.default\">\n\t\t\t\t<div class=\"elementor-widget-container\">\n\t\t\t\t\t<div class=\"woocommerce-product-gallery woocommerce-product-gallery--with-images woocommerce-product-gallery--columns-4 images\" data-columns=\"4\" style=\"opacity: 0; transition: opacity .25s ease-in-out;\">\r\n\t<figure class=\"woocommerce-product-gallery__wrapper\">\r\n\t\t<div data-thumb=\"https:\/\/smartskin.al\/wp-content\/uploads\/2026\/01\/Classica-for-Men-150x150.jpg\" data-thumb-alt=\"Classica for Men | Crema Corpo\" data-thumb-srcset=\"https:\/\/smartskin.al\/wp-content\/uploads\/2026\/01\/Classica-for-Men-150x150.jpg 150w, https:\/\/smartskin.al\/wp-content\/uploads\/2026\/01\/Classica-for-Men-644x650.jpg 644w, https:\/\/smartskin.al\/wp-content\/uploads\/2026\/01\/Classica-for-Men-450x450.jpg 450w, https:\/\/smartskin.al\/wp-content\/uploads\/2026\/01\/Classica-for-Men-420x420.jpg 420w\"  data-thumb-sizes=\"(max-width: 100px) 100vw, 100px\" class=\"woocommerce-product-gallery__image\"><a href=\"https:\/\/smartskin.al\/wp-content\/uploads\/2026\/01\/Classica-for-Men.jpg\"><img fetchpriority=\"high\" decoding=\"async\" width=\"644\" height=\"768\" src=\"https:\/\/smartskin.al\/wp-content\/uploads\/2026\/01\/Classica-for-Men.jpg\" class=\"wp-post-image\" alt=\"Classica for Men | Crema Corpo\" data-caption=\"\" data-src=\"https:\/\/smartskin.al\/wp-content\/uploads\/2026\/01\/Classica-for-Men.jpg\" data-large_image=\"https:\/\/smartskin.al\/wp-content\/uploads\/2026\/01\/Classica-for-Men.jpg\" data-large_image_width=\"644\" data-large_image_height=\"768\" srcset=\"https:\/\/smartskin.al\/wp-content\/uploads\/2026\/01\/Classica-for-Men.jpg 644w, https:\/\/smartskin.al\/wp-content\/uploads\/2026\/01\/Classica-for-Men-252x300.jpg 252w, https:\/\/smartskin.al\/wp-content\/uploads\/2026\/01\/Classica-for-Men-10x12.jpg 10w, https:\/\/smartskin.al\/wp-content\/uploads\/2026\/01\/Classica-for-Men-540x644.jpg 540w, https:\/\/smartskin.al\/wp-content\/uploads\/2026\/01\/Classica-for-Men-100x119.jpg 100w\" sizes=\"(max-width: 644px) 100vw, 644px\" \/><\/a><\/div>\t<\/figure>\r\n\t<\/div>\r\n\t\t\t\t<\/div>\n\t\t\t\t<\/div>\n\t\t\t\t\t<\/div>\n\t\t<\/div>\n\t\t\t\t<div class=\"elementor-column elementor-col-50 elementor-top-column elementor-element elementor-element-57ba95f0\" data-id=\"57ba95f0\" data-element_type=\"column\" data-e-type=\"column\">\n\t\t\t<div class=\"elementor-widget-wrap elementor-element-populated\">\n\t\t\t\t\t\t<div class=\"elementor-element elementor-element-1556497b elementor-widget elementor-widget-dt-shop-product-single-summary\" data-id=\"1556497b\" data-element_type=\"widget\" data-e-type=\"widget\" data-widget_type=\"dt-shop-product-single-summary.default\">\n\t\t\t\t<div class=\"elementor-widget-container\">\n\t\t\t\t\t<div class=\"dt-sc-product-summary summary entry-summary  \"><div class=\"dt-sc-single-product-title\"><h1 class=\"product_title entry-title\">Classica for Men | Crema Corpo<\/h1><\/div><div class=\"dt-sc-single-product-price\"><p class=\"price\"><span class=\"woocommerce-Price-amount amount\"><bdi>4,200.00<span class=\"woocommerce-Price-currencySymbol\">L<\/span><\/bdi><\/span><\/p><\/div><div class=\"woocommerce-product-details__short-description\">\n\t<p>Light like a gentle sea breeze, the Moisturising Body Cream nourishes and keeps your skin supple, visibly reducing flaking. Its targeted action strengthens the skin\u2019s hydro-lipid barrier, providing protection from external agents. It absorbs quickly thanks to its fluid and lightweight texture, a small step for care and beauty that leaves your skin soft, moisturised and gently scented.<\/p>\n<p>For optimal hydration, apply it generously over the entire body after bathing or showering, when your skin is most receptive, massaging in with gentle, circular motions. Perfect on its own or in combination with other products in the corresponding fragrance, for a complete sensory experience.<\/p>\n<\/div>\n<div class=\"product-buttons-wrapper product-button product-button-cart style-skin-brdrfill radius-circle align-inline \"><div class=\"wc_inline_buttons\"><div class=\"wcwl_btn_wrapper wc_btn_inline\">\n\t\n\t<form class=\"cart\" action=\"https:\/\/smartskin.al\/it\/shop\/classica-for-men-crema-corpo\" method=\"post\" enctype='multipart\/form-data'>\n\t\t\n\t\t\t<div class=\"quantity \">\r\n\t\t\t\t<label class=\"screen-reader-text\" for=\"quantity_69df03d00e520\">Classica for Men | Crema Corpo quantity<\/label>\r\n\t\t<input\r\n\t\t\ttype=\"text\"\r\n\t\t\tid=\"quantity_69df03d00e520\"\r\n\t\t\tclass=\"input-text qty text\"\r\n\t\t\tstep=\"1\"\r\n\t\t\tmin=\"1\"\r\n\t\t\tmax=\"\"\r\n\t\t\tname=\"quantity\"\r\n\t\t\tvalue=\"1\"\r\n\t\t\ttitle=\"Qty\"\r\n\t\t\tsize=\"4\"\r\n\t\t\tinputmode=\"numeric\" \/>\r\n\r\n\t\t\t\r\n\t        <a class=\"plus arrow-plus\" href=\"#\"><i class=\"fa fa-caret-up\"><\/i><\/a>\r\n\t        <a class=\"minus arrow-minus\" href=\"#\"><i class=\"fa fa-caret-down\"><\/i><\/a>\r\n\t\t\t\r\n\t\t\t\t\t\r\n\t<\/div>\r\n\t\n\t\t<button type=\"submit\" name=\"add-to-cart\" value=\"24055\" class=\"single_add_to_cart_button button alt\">Aggiungi al carrello<\/button>\n\n\t\t\t<\/form>\n\n\t\n<\/div><\/div><\/div><div class=\"dt-sc-single-product-separator\"><\/div><div class=\"dt-sc-single-product-share-container style-simple  \"><a class=\"dt-sc-single-product-share-item-icon\">Share:<\/a><ul class=\"dt-sc-single-product-share-list\"><li> <a href=\"\/\/www.facebook.com\/sharer.php?u=https:\/\/smartskin.al\/it\/shop\/air-face-day-minus&amp;t=Air+Face+Day+%26%238211%3B+%28young+skin%29\" title=\"facebook\" target=\"_blank\"> <span class=\"fab fa-facebook\"><\/span>  <\/a> <\/li><li> <a href=\"\/\/twitter.com\/home\/?status=https:\/\/smartskin.al\/it\/shop\/air-face-day-minus:Air+Face+Day+%26%238211%3B+%28young+skin%29\" title=\"twitter\" target=\"_blank\"> <span class=\"fab fa-twitter\"><\/span>  <\/a> <\/li><li> <a href=\"\/\/www.linkedin.com\/shareArticle?mini=true&amp;title=Air+Face+Day+%26%238211%3B+%28young+skin%29&amp;url=https:\/\/smartskin.al\/it\/shop\/air-face-day-minus\" title=\"linkedin\" target=\"_blank\"> <span class=\"fab fa-linkedin\"><\/span>  <\/a> <\/li><\/ul><\/div><\/div>\t\t\t\t<\/div>\n\t\t\t\t<\/div>\n\t\t\t\t\t<\/div>\n\t\t<\/div>\n\t\t\t\t\t<\/div>\n\t\t<\/section>\n\t\t\t\t<section class=\"elementor-section elementor-top-section elementor-element elementor-element-820384c elementor-section-boxed elementor-section-height-default elementor-section-height-default\" data-id=\"820384c\" data-element_type=\"section\" data-e-type=\"section\" data-settings=\"{&quot;jet_parallax_layout_list&quot;:[{&quot;jet_parallax_layout_image&quot;:{&quot;url&quot;:&quot;&quot;,&quot;id&quot;:&quot;&quot;,&quot;size&quot;:&quot;&quot;},&quot;_id&quot;:&quot;2111d0f&quot;,&quot;jet_parallax_layout_image_tablet&quot;:{&quot;url&quot;:&quot;&quot;,&quot;id&quot;:&quot;&quot;,&quot;size&quot;:&quot;&quot;},&quot;jet_parallax_layout_image_mobile&quot;:{&quot;url&quot;:&quot;&quot;,&quot;id&quot;:&quot;&quot;,&quot;size&quot;:&quot;&quot;},&quot;jet_parallax_layout_speed&quot;:{&quot;unit&quot;:&quot;%&quot;,&quot;size&quot;:50,&quot;sizes&quot;:[]},&quot;jet_parallax_layout_type&quot;:&quot;scroll&quot;,&quot;jet_parallax_layout_direction&quot;:&quot;1&quot;,&quot;jet_parallax_layout_fx_direction&quot;:null,&quot;jet_parallax_layout_z_index&quot;:&quot;&quot;,&quot;jet_parallax_layout_bg_x&quot;:50,&quot;jet_parallax_layout_bg_x_tablet&quot;:&quot;&quot;,&quot;jet_parallax_layout_bg_x_mobile&quot;:&quot;&quot;,&quot;jet_parallax_layout_bg_y&quot;:50,&quot;jet_parallax_layout_bg_y_tablet&quot;:&quot;&quot;,&quot;jet_parallax_layout_bg_y_mobile&quot;:&quot;&quot;,&quot;jet_parallax_layout_bg_size&quot;:&quot;auto&quot;,&quot;jet_parallax_layout_bg_size_tablet&quot;:&quot;&quot;,&quot;jet_parallax_layout_bg_size_mobile&quot;:&quot;&quot;,&quot;jet_parallax_layout_animation_prop&quot;:&quot;transform&quot;,&quot;jet_parallax_layout_on&quot;:[&quot;desktop&quot;,&quot;tablet&quot;]}]}\">\n\t\t\t\t\t\t<div class=\"elementor-container elementor-column-gap-default\">\n\t\t\t\t\t<div class=\"elementor-column elementor-col-100 elementor-top-column elementor-element elementor-element-4bcf899\" data-id=\"4bcf899\" data-element_type=\"column\" data-e-type=\"column\">\n\t\t\t<div class=\"elementor-widget-wrap elementor-element-populated\">\n\t\t\t\t\t\t<div class=\"elementor-element elementor-element-db3bd62 elementor-widget elementor-widget-heading\" data-id=\"db3bd62\" data-element_type=\"widget\" data-e-type=\"widget\" data-widget_type=\"heading.default\">\n\t\t\t\t<div class=\"elementor-widget-container\">\n\t\t\t\t\t<h4 class=\"elementor-heading-title elementor-size-default\">Related Products<\/h4>\t\t\t\t<\/div>\n\t\t\t\t<\/div>\n\t\t\t\t<div class=\"elementor-element elementor-element-d8cece9 elementor-widget elementor-widget-dt-shop-related-products\" data-id=\"d8cece9\" data-element_type=\"widget\" data-e-type=\"widget\" data-widget_type=\"dt-shop-related-products.default\">\n\t\t\t\t<div class=\"elementor-widget-container\">\n\t\t\t\t\tPlease provide product id to display corresponding data!\t\t\t\t<\/div>\n\t\t\t\t<\/div>\n\t\t\t\t\t<\/div>\n\t\t<\/div>\n\t\t\t\t\t<\/div>\n\t\t<\/section>\n\t\t\t\t<\/div>\n\t\t","protected":false},"excerpt":{"rendered":"<p>Light like a gentle sea breeze, the Moisturising Body Cream nourishes and keeps your skin supple, visibly reducing flaking. Its targeted action strengthens the skin\u2019s hydro-lipid barrier, providing protection from external agents. It absorbs quickly thanks to its fluid and lightweight texture, a small step for care and beauty that leaves your skin soft, moisturised and gently scented.<\/p>\n<p>For optimal hydration, apply it generously over the entire body after bathing or showering, when your skin is most receptive, massaging in with gentle, circular motions. Perfect on its own or in combination with other products in the corresponding fragrance, for a complete sensory experience.<\/p>","protected":false},"featured_media":24056,"comment_status":"open","ping_status":"closed","template":"","meta":[],"product_brand":[],"product_cat":[80],"product_tag":[81],"class_list":{"0":"post-24055","1":"product","2":"type-product","3":"status-publish","4":"has-post-thumbnail","6":"product_cat-acqua-dell-elba","7":"product_tag-acqua-dell-elba","10":"instock","11":"shipping-taxable","12":"purchasable","13":"product-type-simple","14":"product-grid-view"},"yoast_head":"<!-- This site is optimized with the Yoast SEO Premium plugin v26.8 (Yoast SEO v27.2) - https:\/\/yoast.com\/product\/yoast-seo-premium-wordpress\/ -->\n<title>Specially designed for deep cleansing - keeping the skin smooth<\/title>\n<meta name=\"description\" content=\"Deep Clean &amp; Detox Face - Specially designed for deep cleansing, keeping the skin smooth and velvety - Smart Skin\" \/>\n<meta name=\"robots\" content=\"index, follow, max-snippet:-1, max-image-preview:large, max-video-preview:-1\" \/>\n<link rel=\"canonical\" href=\"https:\/\/smartskin.al\/it\/shop\/classica-for-men-crema-corpo\/\" \/>\n<meta property=\"og:locale\" content=\"it_IT\" \/>\n<meta property=\"og:type\" content=\"article\" \/>\n<meta property=\"og:title\" content=\"Classica for Men | Crema Corpo\" \/>\n<meta property=\"og:description\" content=\"Deep Clean &amp; Detox Face - Specially designed for deep cleansing, keeping the skin smooth and velvety - Smart Skin\" \/>\n<meta property=\"og:url\" content=\"https:\/\/smartskin.al\/it\/shop\/classica-for-men-crema-corpo\/\" \/>\n<meta property=\"og:site_name\" content=\"Smart Skin\" \/>\n<meta property=\"article:modified_time\" content=\"2026-02-11T14:30:36+00:00\" \/>\n<meta property=\"og:image\" content=\"https:\/\/smartskin.al\/wp-content\/uploads\/2026\/01\/Classica-for-Men.jpg\" \/>\n\t<meta property=\"og:image:width\" content=\"644\" \/>\n\t<meta property=\"og:image:height\" content=\"768\" \/>\n\t<meta property=\"og:image:type\" content=\"image\/jpeg\" \/>\n<meta name=\"twitter:card\" content=\"summary_large_image\" \/>\n<meta name=\"twitter:label1\" content=\"Tempo di lettura stimato\" \/>\n\t<meta name=\"twitter:data1\" content=\"2 minuti\" \/>\n<script type=\"application\/ld+json\" class=\"yoast-schema-graph\">{\"@context\":\"https:\/\/schema.org\",\"@graph\":[{\"@type\":\"WebPage\",\"@id\":\"https:\/\/smartskin.al\/shop\/classica-for-men-crema-corpo\",\"url\":\"https:\/\/smartskin.al\/shop\/classica-for-men-crema-corpo\",\"name\":\"Specially designed for deep cleansing - keeping the skin smooth\",\"isPartOf\":{\"@id\":\"https:\/\/smartskin.al\/#website\"},\"primaryImageOfPage\":{\"@id\":\"https:\/\/smartskin.al\/shop\/classica-for-men-crema-corpo#primaryimage\"},\"image\":{\"@id\":\"https:\/\/smartskin.al\/shop\/classica-for-men-crema-corpo#primaryimage\"},\"thumbnailUrl\":\"https:\/\/smartskin.al\/wp-content\/uploads\/2026\/01\/Classica-for-Men.jpg\",\"datePublished\":\"2026-01-26T22:15:53+00:00\",\"dateModified\":\"2026-02-11T14:30:36+00:00\",\"description\":\"Deep Clean & Detox Face - Specially designed for deep cleansing, keeping the skin smooth and velvety - Smart Skin\",\"breadcrumb\":{\"@id\":\"https:\/\/smartskin.al\/shop\/classica-for-men-crema-corpo#breadcrumb\"},\"inLanguage\":\"it-IT\",\"potentialAction\":[{\"@type\":\"ReadAction\",\"target\":[\"https:\/\/smartskin.al\/shop\/classica-for-men-crema-corpo\"]}]},{\"@type\":\"ImageObject\",\"inLanguage\":\"it-IT\",\"@id\":\"https:\/\/smartskin.al\/shop\/classica-for-men-crema-corpo#primaryimage\",\"url\":\"https:\/\/smartskin.al\/wp-content\/uploads\/2026\/01\/Classica-for-Men.jpg\",\"contentUrl\":\"https:\/\/smartskin.al\/wp-content\/uploads\/2026\/01\/Classica-for-Men.jpg\",\"width\":644,\"height\":768},{\"@type\":\"BreadcrumbList\",\"@id\":\"https:\/\/smartskin.al\/shop\/classica-for-men-crema-corpo#breadcrumb\",\"itemListElement\":[{\"@type\":\"ListItem\",\"position\":1,\"name\":\"Home\",\"item\":\"https:\/\/smartskin.al\/\"},{\"@type\":\"ListItem\",\"position\":2,\"name\":\"Shop\",\"item\":\"https:\/\/smartskin.al\/selected-skin-care-products-from-italy-to-albania\"},{\"@type\":\"ListItem\",\"position\":3,\"name\":\"Classica for Men | Crema Corpo\"}]},{\"@type\":\"WebSite\",\"@id\":\"https:\/\/smartskin.al\/#website\",\"url\":\"https:\/\/smartskin.al\/\",\"name\":\"Smart Skin\",\"description\":\"Smartphone-i i Bukuris\u00eb p\u00ebr L\u00ebkur\u00ebn\",\"publisher\":{\"@id\":\"https:\/\/smartskin.al\/#organization\"},\"potentialAction\":[{\"@type\":\"SearchAction\",\"target\":{\"@type\":\"EntryPoint\",\"urlTemplate\":\"https:\/\/smartskin.al\/?s={search_term_string}\"},\"query-input\":{\"@type\":\"PropertyValueSpecification\",\"valueRequired\":true,\"valueName\":\"search_term_string\"}}],\"inLanguage\":\"it-IT\"},{\"@type\":\"Organization\",\"@id\":\"https:\/\/smartskin.al\/#organization\",\"name\":\"Smart Skin\",\"url\":\"https:\/\/smartskin.al\/\",\"logo\":{\"@type\":\"ImageObject\",\"inLanguage\":\"it-IT\",\"@id\":\"https:\/\/smartskin.al\/#\/schema\/logo\/image\/\",\"url\":\"https:\/\/smartskin.al\/wp-content\/uploads\/2020\/04\/logo-1.png\",\"contentUrl\":\"https:\/\/smartskin.al\/wp-content\/uploads\/2020\/04\/logo-1.png\",\"width\":212,\"height\":400,\"caption\":\"Smart Skin\"},\"image\":{\"@id\":\"https:\/\/smartskin.al\/#\/schema\/logo\/image\/\"}}]}<\/script>\n<!-- \/ Yoast SEO Premium plugin. -->","yoast_head_json":{"title":"Specially designed for deep cleansing - keeping the skin smooth","description":"Deep Clean & Detox Face - Specially designed for deep cleansing, keeping the skin smooth and velvety - Smart Skin","robots":{"index":"index","follow":"follow","max-snippet":"max-snippet:-1","max-image-preview":"max-image-preview:large","max-video-preview":"max-video-preview:-1"},"canonical":"https:\/\/smartskin.al\/it\/shop\/classica-for-men-crema-corpo\/","og_locale":"it_IT","og_type":"article","og_title":"Classica for Men | Crema Corpo","og_description":"Deep Clean & Detox Face - Specially designed for deep cleansing, keeping the skin smooth and velvety - Smart Skin","og_url":"https:\/\/smartskin.al\/it\/shop\/classica-for-men-crema-corpo\/","og_site_name":"Smart Skin","article_modified_time":"2026-02-11T14:30:36+00:00","og_image":[{"width":644,"height":768,"url":"https:\/\/smartskin.al\/wp-content\/uploads\/2026\/01\/Classica-for-Men.jpg","type":"image\/jpeg"}],"twitter_card":"summary_large_image","twitter_misc":{"Tempo di lettura stimato":"2 minuti"},"schema":{"@context":"https:\/\/schema.org","@graph":[{"@type":"WebPage","@id":"https:\/\/smartskin.al\/shop\/classica-for-men-crema-corpo","url":"https:\/\/smartskin.al\/shop\/classica-for-men-crema-corpo","name":"Specially designed for deep cleansing - keeping the skin smooth","isPartOf":{"@id":"https:\/\/smartskin.al\/#website"},"primaryImageOfPage":{"@id":"https:\/\/smartskin.al\/shop\/classica-for-men-crema-corpo#primaryimage"},"image":{"@id":"https:\/\/smartskin.al\/shop\/classica-for-men-crema-corpo#primaryimage"},"thumbnailUrl":"https:\/\/smartskin.al\/wp-content\/uploads\/2026\/01\/Classica-for-Men.jpg","datePublished":"2026-01-26T22:15:53+00:00","dateModified":"2026-02-11T14:30:36+00:00","description":"Deep Clean & Detox Face - Specially designed for deep cleansing, keeping the skin smooth and velvety - Smart Skin","breadcrumb":{"@id":"https:\/\/smartskin.al\/shop\/classica-for-men-crema-corpo#breadcrumb"},"inLanguage":"it-IT","potentialAction":[{"@type":"ReadAction","target":["https:\/\/smartskin.al\/shop\/classica-for-men-crema-corpo"]}]},{"@type":"ImageObject","inLanguage":"it-IT","@id":"https:\/\/smartskin.al\/shop\/classica-for-men-crema-corpo#primaryimage","url":"https:\/\/smartskin.al\/wp-content\/uploads\/2026\/01\/Classica-for-Men.jpg","contentUrl":"https:\/\/smartskin.al\/wp-content\/uploads\/2026\/01\/Classica-for-Men.jpg","width":644,"height":768},{"@type":"BreadcrumbList","@id":"https:\/\/smartskin.al\/shop\/classica-for-men-crema-corpo#breadcrumb","itemListElement":[{"@type":"ListItem","position":1,"name":"Home","item":"https:\/\/smartskin.al\/"},{"@type":"ListItem","position":2,"name":"Shop","item":"https:\/\/smartskin.al\/selected-skin-care-products-from-italy-to-albania"},{"@type":"ListItem","position":3,"name":"Classica for Men | Crema Corpo"}]},{"@type":"WebSite","@id":"https:\/\/smartskin.al\/#website","url":"https:\/\/smartskin.al\/","name":"Smart Skin","description":"Smartphone-i i Bukuris\u00eb p\u00ebr L\u00ebkur\u00ebn","publisher":{"@id":"https:\/\/smartskin.al\/#organization"},"potentialAction":[{"@type":"SearchAction","target":{"@type":"EntryPoint","urlTemplate":"https:\/\/smartskin.al\/?s={search_term_string}"},"query-input":{"@type":"PropertyValueSpecification","valueRequired":true,"valueName":"search_term_string"}}],"inLanguage":"it-IT"},{"@type":"Organization","@id":"https:\/\/smartskin.al\/#organization","name":"Smart Skin","url":"https:\/\/smartskin.al\/","logo":{"@type":"ImageObject","inLanguage":"it-IT","@id":"https:\/\/smartskin.al\/#\/schema\/logo\/image\/","url":"https:\/\/smartskin.al\/wp-content\/uploads\/2020\/04\/logo-1.png","contentUrl":"https:\/\/smartskin.al\/wp-content\/uploads\/2020\/04\/logo-1.png","width":212,"height":400,"caption":"Smart Skin"},"image":{"@id":"https:\/\/smartskin.al\/#\/schema\/logo\/image\/"}}]}},"_links":{"self":[{"href":"https:\/\/smartskin.al\/it\/wp-json\/wp\/v2\/product\/24055","targetHints":{"allow":["GET"]}}],"collection":[{"href":"https:\/\/smartskin.al\/it\/wp-json\/wp\/v2\/product"}],"about":[{"href":"https:\/\/smartskin.al\/it\/wp-json\/wp\/v2\/types\/product"}],"replies":[{"embeddable":true,"href":"https:\/\/smartskin.al\/it\/wp-json\/wp\/v2\/comments?post=24055"}],"version-history":[{"count":3,"href":"https:\/\/smartskin.al\/it\/wp-json\/wp\/v2\/product\/24055\/revisions"}],"predecessor-version":[{"id":24182,"href":"https:\/\/smartskin.al\/it\/wp-json\/wp\/v2\/product\/24055\/revisions\/24182"}],"wp:featuredmedia":[{"embeddable":true,"href":"https:\/\/smartskin.al\/it\/wp-json\/wp\/v2\/media\/24056"}],"wp:attachment":[{"href":"https:\/\/smartskin.al\/it\/wp-json\/wp\/v2\/media?parent=24055"}],"wp:term":[{"taxonomy":"product_brand","embeddable":true,"href":"https:\/\/smartskin.al\/it\/wp-json\/wp\/v2\/product_brand?post=24055"},{"taxonomy":"product_cat","embeddable":true,"href":"https:\/\/smartskin.al\/it\/wp-json\/wp\/v2\/product_cat?post=24055"},{"taxonomy":"product_tag","embeddable":true,"href":"https:\/\/smartskin.al\/it\/wp-json\/wp\/v2\/product_tag?post=24055"}],"curies":[{"name":"wp","href":"https:\/\/api.w.org\/{rel}","templated":true}]}}