{"id":23887,"date":"2023-05-04T17:02:43","date_gmt":"2023-05-04T16:02:43","guid":{"rendered":"https:\/\/smartskin.al\/?post_type=product&#038;p=23887"},"modified":"2024-05-12T13:04:30","modified_gmt":"2024-05-12T12:04:30","slug":"struccante-rigenerante","status":"publish","type":"product","link":"https:\/\/smartskin.al\/it\/shop\/struccante-rigenerante","title":{"rendered":"Struccante Rigenerante 200ml"},"content":{"rendered":"\t\t<div data-elementor-type=\"wp-post\" data-elementor-id=\"23887\" class=\"elementor elementor-23887\" data-elementor-post-type=\"product\">\n\t\t\t\t\t\t<section class=\"elementor-section elementor-top-section elementor-element elementor-element-dee6e17 elementor-section-boxed elementor-section-height-default elementor-section-height-default\" data-id=\"dee6e17\" data-element_type=\"section\" data-e-type=\"section\" data-settings=\"{&quot;jet_parallax_layout_list&quot;:[{&quot;_id&quot;:&quot;84bf54e&quot;,&quot;jet_parallax_layout_image&quot;:{&quot;url&quot;:&quot;&quot;,&quot;id&quot;:&quot;&quot;,&quot;size&quot;:&quot;&quot;},&quot;jet_parallax_layout_image_tablet&quot;:{&quot;url&quot;:&quot;&quot;,&quot;id&quot;:&quot;&quot;,&quot;size&quot;:&quot;&quot;},&quot;jet_parallax_layout_image_mobile&quot;:{&quot;url&quot;:&quot;&quot;,&quot;id&quot;:&quot;&quot;,&quot;size&quot;:&quot;&quot;},&quot;jet_parallax_layout_speed&quot;:{&quot;unit&quot;:&quot;%&quot;,&quot;size&quot;:50,&quot;sizes&quot;:[]},&quot;jet_parallax_layout_type&quot;:&quot;scroll&quot;,&quot;jet_parallax_layout_direction&quot;:&quot;1&quot;,&quot;jet_parallax_layout_fx_direction&quot;:null,&quot;jet_parallax_layout_z_index&quot;:&quot;&quot;,&quot;jet_parallax_layout_bg_x&quot;:50,&quot;jet_parallax_layout_bg_x_tablet&quot;:&quot;&quot;,&quot;jet_parallax_layout_bg_x_mobile&quot;:&quot;&quot;,&quot;jet_parallax_layout_bg_y&quot;:50,&quot;jet_parallax_layout_bg_y_tablet&quot;:&quot;&quot;,&quot;jet_parallax_layout_bg_y_mobile&quot;:&quot;&quot;,&quot;jet_parallax_layout_bg_size&quot;:&quot;auto&quot;,&quot;jet_parallax_layout_bg_size_tablet&quot;:&quot;&quot;,&quot;jet_parallax_layout_bg_size_mobile&quot;:&quot;&quot;,&quot;jet_parallax_layout_animation_prop&quot;:&quot;transform&quot;,&quot;jet_parallax_layout_on&quot;:[&quot;desktop&quot;,&quot;tablet&quot;]}]}\">\n\t\t\t\t\t\t<div class=\"elementor-container elementor-column-gap-extended\">\n\t\t\t\t\t<div class=\"elementor-column elementor-col-50 elementor-top-column elementor-element elementor-element-75375b96\" data-id=\"75375b96\" data-element_type=\"column\" data-e-type=\"column\">\n\t\t\t<div class=\"elementor-widget-wrap elementor-element-populated\">\n\t\t\t\t\t\t<div class=\"elementor-element elementor-element-76d4ac90 elementor-widget elementor-widget-dt-shop-product-images-default\" data-id=\"76d4ac90\" data-element_type=\"widget\" data-e-type=\"widget\" data-widget_type=\"dt-shop-product-images-default.default\">\n\t\t\t\t<div class=\"elementor-widget-container\">\n\t\t\t\t\tPlease provide product id to display corresponding data!\t\t\t\t<\/div>\n\t\t\t\t<\/div>\n\t\t\t\t\t<\/div>\n\t\t<\/div>\n\t\t\t\t<div class=\"elementor-column elementor-col-50 elementor-top-column elementor-element elementor-element-37c7253f\" data-id=\"37c7253f\" data-element_type=\"column\" data-e-type=\"column\">\n\t\t\t<div class=\"elementor-widget-wrap elementor-element-populated\">\n\t\t\t\t\t\t<div class=\"elementor-element elementor-element-a8dd234 elementor-widget elementor-widget-dt-shop-product-single-summary\" data-id=\"a8dd234\" data-element_type=\"widget\" data-e-type=\"widget\" data-widget_type=\"dt-shop-product-single-summary.default\">\n\t\t\t\t<div class=\"elementor-widget-container\">\n\t\t\t\t\tPlease provide product id to display corresponding data!\t\t\t\t<\/div>\n\t\t\t\t<\/div>\n\t\t\t\t<div class=\"elementor-element elementor-element-c382cc9 elementor-tabs-view-horizontal elementor-widget elementor-widget-tabs\" data-id=\"c382cc9\" data-element_type=\"widget\" data-e-type=\"widget\" data-widget_type=\"tabs.default\">\n\t\t\t\t<div class=\"elementor-widget-container\">\n\t\t\t\t\t\t\t<div class=\"elementor-tabs\">\n\t\t\t<div class=\"elementor-tabs-wrapper\" role=\"tablist\" >\n\t\t\t\t\t\t\t\t\t<div id=\"elementor-tab-title-2051\" class=\"elementor-tab-title elementor-tab-desktop-title\" aria-selected=\"true\" data-tab=\"1\" role=\"tab\" tabindex=\"0\" aria-controls=\"elementor-tab-content-2051\" aria-expanded=\"false\">Ingredients<\/div>\n\t\t\t\t\t\t\t\t\t<div id=\"elementor-tab-title-2052\" class=\"elementor-tab-title elementor-tab-desktop-title\" aria-selected=\"false\" data-tab=\"2\" role=\"tab\" tabindex=\"-1\" aria-controls=\"elementor-tab-content-2052\" aria-expanded=\"false\">How To use<\/div>\n\t\t\t\t\t\t\t\t\t<div id=\"elementor-tab-title-2053\" class=\"elementor-tab-title elementor-tab-desktop-title\" aria-selected=\"false\" data-tab=\"3\" role=\"tab\" tabindex=\"-1\" aria-controls=\"elementor-tab-content-2053\" aria-expanded=\"false\">Careful<\/div>\n\t\t\t\t\t\t\t<\/div>\n\t\t\t<div class=\"elementor-tabs-content-wrapper\" role=\"tablist\" aria-orientation=\"vertical\">\n\t\t\t\t\t\t\t\t\t<div class=\"elementor-tab-title elementor-tab-mobile-title\" aria-selected=\"true\" data-tab=\"1\" role=\"tab\" tabindex=\"0\" aria-controls=\"elementor-tab-content-2051\" aria-expanded=\"false\">Ingredients<\/div>\n\t\t\t\t\t<div id=\"elementor-tab-content-2051\" class=\"elementor-tab-content elementor-clearfix\" data-tab=\"1\" role=\"tabpanel\" aria-labelledby=\"elementor-tab-title-2051\" tabindex=\"0\" hidden=\"false\"><p>ROSE CETIFOLIA OIL, SNAIL SECRETION FILTRATE, CITRUS GRANDIS JUICE, PYRUS MALUS JUICE, GLYCERIN, PROPYLENE GLYCOL, BENZYL ALCOHOL, HESPERIDIN METHYL CHALCONE, AESCULUS HIPPOCASTANUM SEED EXTRACT, RUSCUS ACULEATUS ROOT EXTRACT, HAMAMELIS VIRGINIANA LEAF EXTRACT, ARNICA MONTANA FLOWER EXTRACT, CAPRYLIC \/ CAPRIC<\/p><\/div>\n\t\t\t\t\t\t\t\t\t<div class=\"elementor-tab-title elementor-tab-mobile-title\" aria-selected=\"false\" data-tab=\"2\" role=\"tab\" tabindex=\"-1\" aria-controls=\"elementor-tab-content-2052\" aria-expanded=\"false\">How To use<\/div>\n\t\t\t\t\t<div id=\"elementor-tab-content-2052\" class=\"elementor-tab-content elementor-clearfix\" data-tab=\"2\" role=\"tabpanel\" aria-labelledby=\"elementor-tab-title-2052\" tabindex=\"0\" hidden=\"hidden\"><p>Wash your face with lukewarm water, put 3-4 drops on the &#8220;Smart Deep Clean&#8221; cleanser and apply on face and neck. (The remaining foam can be used with this device on the back of your hands.)<br \/>You can also create the foam by throwing 3-4 drops of the gel on the soles of your hands, rubbing them together, and then applying to the face and neck.<\/p><\/div>\n\t\t\t\t\t\t\t\t\t<div class=\"elementor-tab-title elementor-tab-mobile-title\" aria-selected=\"false\" data-tab=\"3\" role=\"tab\" tabindex=\"-1\" aria-controls=\"elementor-tab-content-2053\" aria-expanded=\"false\">Careful<\/div>\n\t\t\t\t\t<div id=\"elementor-tab-content-2053\" class=\"elementor-tab-content elementor-clearfix\" data-tab=\"3\" role=\"tabpanel\" aria-labelledby=\"elementor-tab-title-2053\" tabindex=\"0\" hidden=\"hidden\"><p>\u00a0\u00a0 Carefully follow the instructions on the package or on the attached leaflet \/ band \/ tag.<\/p><p>\u00a0\u00a0 Avoid any kind of use not foreseen in the instructions.<\/p><p>\u00a0\u00a0 Avoid mixing with other products or similar products o<\/p><p>with different substances not provided for in the specific instructions.<\/p><p>\u00a0\u00a0 Never return spilled product to containers<\/p><p>original in order to use it again.<\/p><p>\u00a0\u00a0 Keep the products out of the reach of children.<\/p><\/div>\n\t\t\t\t\t\t\t<\/div>\n\t\t<\/div>\n\t\t\t\t\t\t<\/div>\n\t\t\t\t<\/div>\n\t\t\t\t\t<\/div>\n\t\t<\/div>\n\t\t\t\t\t<\/div>\n\t\t<\/section>\n\t\t\t\t<section class=\"elementor-section elementor-top-section elementor-element elementor-element-2f98e15a elementor-section-boxed elementor-section-height-default elementor-section-height-default\" data-id=\"2f98e15a\" data-element_type=\"section\" data-e-type=\"section\" data-settings=\"{&quot;jet_parallax_layout_list&quot;:[{&quot;_id&quot;:&quot;2111d0f&quot;,&quot;jet_parallax_layout_image&quot;:{&quot;url&quot;:&quot;&quot;,&quot;id&quot;:&quot;&quot;,&quot;size&quot;:&quot;&quot;},&quot;jet_parallax_layout_image_tablet&quot;:{&quot;url&quot;:&quot;&quot;,&quot;id&quot;:&quot;&quot;,&quot;size&quot;:&quot;&quot;},&quot;jet_parallax_layout_image_mobile&quot;:{&quot;url&quot;:&quot;&quot;,&quot;id&quot;:&quot;&quot;,&quot;size&quot;:&quot;&quot;},&quot;jet_parallax_layout_speed&quot;:{&quot;unit&quot;:&quot;%&quot;,&quot;size&quot;:50,&quot;sizes&quot;:[]},&quot;jet_parallax_layout_type&quot;:&quot;scroll&quot;,&quot;jet_parallax_layout_direction&quot;:&quot;1&quot;,&quot;jet_parallax_layout_fx_direction&quot;:null,&quot;jet_parallax_layout_z_index&quot;:&quot;&quot;,&quot;jet_parallax_layout_bg_x&quot;:50,&quot;jet_parallax_layout_bg_x_tablet&quot;:&quot;&quot;,&quot;jet_parallax_layout_bg_x_mobile&quot;:&quot;&quot;,&quot;jet_parallax_layout_bg_y&quot;:50,&quot;jet_parallax_layout_bg_y_tablet&quot;:&quot;&quot;,&quot;jet_parallax_layout_bg_y_mobile&quot;:&quot;&quot;,&quot;jet_parallax_layout_bg_size&quot;:&quot;auto&quot;,&quot;jet_parallax_layout_bg_size_tablet&quot;:&quot;&quot;,&quot;jet_parallax_layout_bg_size_mobile&quot;:&quot;&quot;,&quot;jet_parallax_layout_animation_prop&quot;:&quot;transform&quot;,&quot;jet_parallax_layout_on&quot;:[&quot;desktop&quot;,&quot;tablet&quot;]}]}\">\n\t\t\t\t\t\t<div class=\"elementor-container elementor-column-gap-default\">\n\t\t\t\t\t<div class=\"elementor-column elementor-col-100 elementor-top-column elementor-element elementor-element-504ce1dc\" data-id=\"504ce1dc\" data-element_type=\"column\" data-e-type=\"column\">\n\t\t\t<div class=\"elementor-widget-wrap elementor-element-populated\">\n\t\t\t\t\t\t<div class=\"elementor-element elementor-element-8c5106c elementor-widget elementor-widget-heading\" data-id=\"8c5106c\" data-element_type=\"widget\" data-e-type=\"widget\" data-widget_type=\"heading.default\">\n\t\t\t\t<div class=\"elementor-widget-container\">\n\t\t\t\t\t<h4 class=\"elementor-heading-title elementor-size-default\">Related Products<\/h4>\t\t\t\t<\/div>\n\t\t\t\t<\/div>\n\t\t\t\t<div class=\"elementor-element elementor-element-57f17a4d elementor-widget elementor-widget-dt-shop-related-products\" data-id=\"57f17a4d\" data-element_type=\"widget\" data-e-type=\"widget\" data-widget_type=\"dt-shop-related-products.default\">\n\t\t\t\t<div class=\"elementor-widget-container\">\n\t\t\t\t\tPlease provide product id to display corresponding data!\t\t\t\t<\/div>\n\t\t\t\t<\/div>\n\t\t\t\t\t<\/div>\n\t\t<\/div>\n\t\t\t\t\t<\/div>\n\t\t<\/section>\n\t\t\t\t<\/div>\n\t\t","protected":false},"excerpt":{"rendered":"<p>Morbido e setoso gel che rende la pelle detersa, perfettamente purificata e pronta per accettare trattamenti cosmetici.<\/p>\n<p>Appositamente studiato per pulire in profondit\u00e0 mantenendo la pelle distesa e vellutata.<\/p>\n<p>Ai tensioattivi di origine naturale, necessari per creare la texture del gel stesso, sono stati aggiunti acido ialuronico e antiossidanti per proteggere e nutrire la pelle anche durante la pulizia.<\/p>\n<p>- cocamidopropyl Betaine: tensioattivo di origine naturale derivato dall'olio di cocco e dalla betaina particolarmente indicato per pelli sensibili e per pelli delicate.<\/p>\n<p>- acido Ialuronico: ha spiccate propriet\u00e0 idratanti. Agisce infatti sul mantenimento dell\u2019equilibrio idrico della pelle, oltre ad avere propriet\u00e0 riparatrici e rigeneranti dei tessuti. Data la sua notevole capacit\u00e0 di trattenere acqua, \u00e8 in grado di rigonfiare, aumentando il suo volume, riempiendo cos\u00ec le piccole rughe per un effetto antiage, partner efficace durante le operazioni di pulizia quotidiana o profonda.<\/p>\n<p>- etilesilglicerina: \u00e8 a base di glicerina, viene utilizzata in cosmetica come umettante emolliente, migliora la sensazione cutanea delle formulazioni cosmetiche. \u00c8 anche usata come ingrediente attivo, inibisce la crescita e la moltiplicazione dei batteri che causano cattivi odori, senza intaccare la flora cutanea.<\/p>","protected":false},"featured_media":23898,"comment_status":"open","ping_status":"closed","template":"","meta":[],"product_brand":[],"product_cat":[15],"product_tag":[69],"class_list":{"0":"post-23887","1":"product","2":"type-product","3":"status-publish","4":"has-post-thumbnail","6":"product_cat-smart-skin","7":"product_tag-smart","10":"instock","11":"shipping-taxable","12":"purchasable","13":"product-type-simple","14":"product-grid-view"},"yoast_head":"<!-- This site is optimized with the Yoast SEO Premium plugin v26.8 (Yoast SEO v27.4) - https:\/\/yoast.com\/product\/yoast-seo-premium-wordpress\/ -->\n<title>Struccante Rigenerante 200ml - Smart Skin<\/title>\n<meta name=\"robots\" content=\"index, follow, max-snippet:-1, max-image-preview:large, max-video-preview:-1\" \/>\n<link rel=\"canonical\" href=\"https:\/\/smartskin.al\/it\/shop\/struccante-rigenerante\/\" \/>\n<meta property=\"og:locale\" content=\"it_IT\" \/>\n<meta property=\"og:type\" content=\"article\" \/>\n<meta property=\"og:title\" content=\"Struccante Rigenerante 200ml\" \/>\n<meta property=\"og:description\" content=\"Soft and silky gel that makes the skin cleansed, perfectly purified and ready to accept cosmetic treatments.  Specially designed for deep cleansing, keeping the skin smooth and velvety.  To the surfactants of natural origin, necessary to create the texture of the gel itself, hyaluronic acid and antioxidants have been added to protect and nourish the skin even during cleansing.  - Cocamidopropyl Betaine: surfactant of natural origin derived from coconut oil and betaine particularly suitable for sensitive and delicate skin.  - Hyaluronic acid: has strong moisturizing properties. In fact, it acts on maintaining the water balance of the skin, as well as having repairing and regenerating properties of the tissues. Given its remarkable ability to retain water, it is able to swell, increasing its volume, thus filling small wrinkles for an anti-aging effect, an effective partner during daily or deep cleansing operations.  - ethylhexylglycerin: it is based on glycerin, it is used in cosmetics as an emollient humectant, it improves the skin sensation of cosmetic formulations. It is also used as an active ingredient, it inhibits the growth and multiplication of bacteria that cause bad odors, without affecting the skin flora.\" \/>\n<meta property=\"og:url\" content=\"https:\/\/smartskin.al\/it\/shop\/struccante-rigenerante\/\" \/>\n<meta property=\"og:site_name\" content=\"Smart Skin\" \/>\n<meta property=\"article:modified_time\" content=\"2024-05-12T12:04:30+00:00\" \/>\n<meta property=\"og:image\" content=\"https:\/\/smartskin.al\/wp-content\/uploads\/2023\/05\/Rigenerante-product.png\" \/>\n\t<meta property=\"og:image:width\" content=\"590\" \/>\n\t<meta property=\"og:image:height\" content=\"724\" \/>\n\t<meta property=\"og:image:type\" content=\"image\/png\" \/>\n<meta name=\"twitter:card\" content=\"summary_large_image\" \/>\n<meta name=\"twitter:label1\" content=\"Tempo di lettura stimato\" \/>\n\t<meta name=\"twitter:data1\" content=\"1 minuto\" \/>\n<script type=\"application\/ld+json\" class=\"yoast-schema-graph\">{\"@context\":\"https:\\\/\\\/schema.org\",\"@graph\":[{\"@type\":\"WebPage\",\"@id\":\"https:\\\/\\\/smartskin.al\\\/shop\\\/struccante-rigenerante\\\/\",\"url\":\"https:\\\/\\\/smartskin.al\\\/shop\\\/struccante-rigenerante\\\/\",\"name\":\"Struccante Rigenerante 200ml - Smart Skin\",\"isPartOf\":{\"@id\":\"https:\\\/\\\/smartskin.al\\\/#website\"},\"primaryImageOfPage\":{\"@id\":\"https:\\\/\\\/smartskin.al\\\/shop\\\/struccante-rigenerante\\\/#primaryimage\"},\"image\":{\"@id\":\"https:\\\/\\\/smartskin.al\\\/shop\\\/struccante-rigenerante\\\/#primaryimage\"},\"thumbnailUrl\":\"https:\\\/\\\/smartskin.al\\\/wp-content\\\/uploads\\\/2023\\\/05\\\/Rigenerante-product.png\",\"datePublished\":\"2023-05-04T16:02:43+00:00\",\"dateModified\":\"2024-05-12T12:04:30+00:00\",\"breadcrumb\":{\"@id\":\"https:\\\/\\\/smartskin.al\\\/shop\\\/struccante-rigenerante\\\/#breadcrumb\"},\"inLanguage\":\"it-IT\",\"potentialAction\":[{\"@type\":\"ReadAction\",\"target\":[\"https:\\\/\\\/smartskin.al\\\/shop\\\/struccante-rigenerante\\\/\"]}]},{\"@type\":\"ImageObject\",\"inLanguage\":\"it-IT\",\"@id\":\"https:\\\/\\\/smartskin.al\\\/shop\\\/struccante-rigenerante\\\/#primaryimage\",\"url\":\"https:\\\/\\\/smartskin.al\\\/wp-content\\\/uploads\\\/2023\\\/05\\\/Rigenerante-product.png\",\"contentUrl\":\"https:\\\/\\\/smartskin.al\\\/wp-content\\\/uploads\\\/2023\\\/05\\\/Rigenerante-product.png\",\"width\":590,\"height\":724},{\"@type\":\"BreadcrumbList\",\"@id\":\"https:\\\/\\\/smartskin.al\\\/shop\\\/struccante-rigenerante\\\/#breadcrumb\",\"itemListElement\":[{\"@type\":\"ListItem\",\"position\":1,\"name\":\"Home\",\"item\":\"https:\\\/\\\/smartskin.al\\\/\"},{\"@type\":\"ListItem\",\"position\":2,\"name\":\"Shop\",\"item\":\"https:\\\/\\\/smartskin.al\\\/selected-skin-care-products-from-italy-to-albania\"},{\"@type\":\"ListItem\",\"position\":3,\"name\":\"Struccante Rigenerante 200ml\"}]},{\"@type\":\"WebSite\",\"@id\":\"https:\\\/\\\/smartskin.al\\\/#website\",\"url\":\"https:\\\/\\\/smartskin.al\\\/\",\"name\":\"Smart Skin\",\"description\":\"Smartphone-i i Bukuris\u00eb p\u00ebr L\u00ebkur\u00ebn\",\"publisher\":{\"@id\":\"https:\\\/\\\/smartskin.al\\\/#organization\"},\"potentialAction\":[{\"@type\":\"SearchAction\",\"target\":{\"@type\":\"EntryPoint\",\"urlTemplate\":\"https:\\\/\\\/smartskin.al\\\/?s={search_term_string}\"},\"query-input\":{\"@type\":\"PropertyValueSpecification\",\"valueRequired\":true,\"valueName\":\"search_term_string\"}}],\"inLanguage\":\"it-IT\"},{\"@type\":\"Organization\",\"@id\":\"https:\\\/\\\/smartskin.al\\\/#organization\",\"name\":\"Smart Skin\",\"url\":\"https:\\\/\\\/smartskin.al\\\/\",\"logo\":{\"@type\":\"ImageObject\",\"inLanguage\":\"it-IT\",\"@id\":\"https:\\\/\\\/smartskin.al\\\/#\\\/schema\\\/logo\\\/image\\\/\",\"url\":\"https:\\\/\\\/smartskin.al\\\/wp-content\\\/uploads\\\/2020\\\/04\\\/logo-1.png\",\"contentUrl\":\"https:\\\/\\\/smartskin.al\\\/wp-content\\\/uploads\\\/2020\\\/04\\\/logo-1.png\",\"width\":212,\"height\":400,\"caption\":\"Smart Skin\"},\"image\":{\"@id\":\"https:\\\/\\\/smartskin.al\\\/#\\\/schema\\\/logo\\\/image\\\/\"}}]}<\/script>\n<!-- \/ Yoast SEO Premium plugin. -->","yoast_head_json":{"title":"Struccante Rigenerante 200ml - Smart Skin","robots":{"index":"index","follow":"follow","max-snippet":"max-snippet:-1","max-image-preview":"max-image-preview:large","max-video-preview":"max-video-preview:-1"},"canonical":"https:\/\/smartskin.al\/it\/shop\/struccante-rigenerante\/","og_locale":"it_IT","og_type":"article","og_title":"Struccante Rigenerante 200ml","og_description":"Soft and silky gel that makes the skin cleansed, perfectly purified and ready to accept cosmetic treatments.  Specially designed for deep cleansing, keeping the skin smooth and velvety.  To the surfactants of natural origin, necessary to create the texture of the gel itself, hyaluronic acid and antioxidants have been added to protect and nourish the skin even during cleansing.  - Cocamidopropyl Betaine: surfactant of natural origin derived from coconut oil and betaine particularly suitable for sensitive and delicate skin.  - Hyaluronic acid: has strong moisturizing properties. In fact, it acts on maintaining the water balance of the skin, as well as having repairing and regenerating properties of the tissues. Given its remarkable ability to retain water, it is able to swell, increasing its volume, thus filling small wrinkles for an anti-aging effect, an effective partner during daily or deep cleansing operations.  - ethylhexylglycerin: it is based on glycerin, it is used in cosmetics as an emollient humectant, it improves the skin sensation of cosmetic formulations. It is also used as an active ingredient, it inhibits the growth and multiplication of bacteria that cause bad odors, without affecting the skin flora.","og_url":"https:\/\/smartskin.al\/it\/shop\/struccante-rigenerante\/","og_site_name":"Smart Skin","article_modified_time":"2024-05-12T12:04:30+00:00","og_image":[{"width":590,"height":724,"url":"https:\/\/smartskin.al\/wp-content\/uploads\/2023\/05\/Rigenerante-product.png","type":"image\/png"}],"twitter_card":"summary_large_image","twitter_misc":{"Tempo di lettura stimato":"1 minuto"},"schema":{"@context":"https:\/\/schema.org","@graph":[{"@type":"WebPage","@id":"https:\/\/smartskin.al\/shop\/struccante-rigenerante\/","url":"https:\/\/smartskin.al\/shop\/struccante-rigenerante\/","name":"Struccante Rigenerante 200ml - Smart Skin","isPartOf":{"@id":"https:\/\/smartskin.al\/#website"},"primaryImageOfPage":{"@id":"https:\/\/smartskin.al\/shop\/struccante-rigenerante\/#primaryimage"},"image":{"@id":"https:\/\/smartskin.al\/shop\/struccante-rigenerante\/#primaryimage"},"thumbnailUrl":"https:\/\/smartskin.al\/wp-content\/uploads\/2023\/05\/Rigenerante-product.png","datePublished":"2023-05-04T16:02:43+00:00","dateModified":"2024-05-12T12:04:30+00:00","breadcrumb":{"@id":"https:\/\/smartskin.al\/shop\/struccante-rigenerante\/#breadcrumb"},"inLanguage":"it-IT","potentialAction":[{"@type":"ReadAction","target":["https:\/\/smartskin.al\/shop\/struccante-rigenerante\/"]}]},{"@type":"ImageObject","inLanguage":"it-IT","@id":"https:\/\/smartskin.al\/shop\/struccante-rigenerante\/#primaryimage","url":"https:\/\/smartskin.al\/wp-content\/uploads\/2023\/05\/Rigenerante-product.png","contentUrl":"https:\/\/smartskin.al\/wp-content\/uploads\/2023\/05\/Rigenerante-product.png","width":590,"height":724},{"@type":"BreadcrumbList","@id":"https:\/\/smartskin.al\/shop\/struccante-rigenerante\/#breadcrumb","itemListElement":[{"@type":"ListItem","position":1,"name":"Home","item":"https:\/\/smartskin.al\/"},{"@type":"ListItem","position":2,"name":"Shop","item":"https:\/\/smartskin.al\/selected-skin-care-products-from-italy-to-albania"},{"@type":"ListItem","position":3,"name":"Struccante Rigenerante 200ml"}]},{"@type":"WebSite","@id":"https:\/\/smartskin.al\/#website","url":"https:\/\/smartskin.al\/","name":"Smart Skin","description":"Smartphone-i i Bukuris\u00eb p\u00ebr L\u00ebkur\u00ebn","publisher":{"@id":"https:\/\/smartskin.al\/#organization"},"potentialAction":[{"@type":"SearchAction","target":{"@type":"EntryPoint","urlTemplate":"https:\/\/smartskin.al\/?s={search_term_string}"},"query-input":{"@type":"PropertyValueSpecification","valueRequired":true,"valueName":"search_term_string"}}],"inLanguage":"it-IT"},{"@type":"Organization","@id":"https:\/\/smartskin.al\/#organization","name":"Smart Skin","url":"https:\/\/smartskin.al\/","logo":{"@type":"ImageObject","inLanguage":"it-IT","@id":"https:\/\/smartskin.al\/#\/schema\/logo\/image\/","url":"https:\/\/smartskin.al\/wp-content\/uploads\/2020\/04\/logo-1.png","contentUrl":"https:\/\/smartskin.al\/wp-content\/uploads\/2020\/04\/logo-1.png","width":212,"height":400,"caption":"Smart Skin"},"image":{"@id":"https:\/\/smartskin.al\/#\/schema\/logo\/image\/"}}]}},"_links":{"self":[{"href":"https:\/\/smartskin.al\/it\/wp-json\/wp\/v2\/product\/23887","targetHints":{"allow":["GET"]}}],"collection":[{"href":"https:\/\/smartskin.al\/it\/wp-json\/wp\/v2\/product"}],"about":[{"href":"https:\/\/smartskin.al\/it\/wp-json\/wp\/v2\/types\/product"}],"replies":[{"embeddable":true,"href":"https:\/\/smartskin.al\/it\/wp-json\/wp\/v2\/comments?post=23887"}],"version-history":[{"count":6,"href":"https:\/\/smartskin.al\/it\/wp-json\/wp\/v2\/product\/23887\/revisions"}],"predecessor-version":[{"id":23974,"href":"https:\/\/smartskin.al\/it\/wp-json\/wp\/v2\/product\/23887\/revisions\/23974"}],"wp:featuredmedia":[{"embeddable":true,"href":"https:\/\/smartskin.al\/it\/wp-json\/wp\/v2\/media\/23898"}],"wp:attachment":[{"href":"https:\/\/smartskin.al\/it\/wp-json\/wp\/v2\/media?parent=23887"}],"wp:term":[{"taxonomy":"product_brand","embeddable":true,"href":"https:\/\/smartskin.al\/it\/wp-json\/wp\/v2\/product_brand?post=23887"},{"taxonomy":"product_cat","embeddable":true,"href":"https:\/\/smartskin.al\/it\/wp-json\/wp\/v2\/product_cat?post=23887"},{"taxonomy":"product_tag","embeddable":true,"href":"https:\/\/smartskin.al\/it\/wp-json\/wp\/v2\/product_tag?post=23887"}],"curies":[{"name":"wp","href":"https:\/\/api.w.org\/{rel}","templated":true}]}}