{"id":23730,"date":"2022-11-21T19:37:22","date_gmt":"2022-11-21T18:37:22","guid":{"rendered":"https:\/\/smartskin.al\/?post_type=product&#038;p=23730"},"modified":"2024-05-12T13:13:41","modified_gmt":"2024-05-12T12:13:41","slug":"gift-your-loved-ones-their-favorite-skin-care-product","status":"publish","type":"product","link":"https:\/\/smartskin.al\/al\/shop\/gift-your-loved-ones-their-favorite-skin-care-product","title":{"rendered":"Gift Card Silver &#8211; 100 Euro"},"content":{"rendered":"\t\t<div data-elementor-type=\"wp-post\" data-elementor-id=\"23730\" class=\"elementor elementor-23730\" data-elementor-post-type=\"product\">\n\t\t\t\t\t\t<section class=\"elementor-section elementor-top-section elementor-element elementor-element-100e9eb5 elementor-section-boxed elementor-section-height-default elementor-section-height-default\" data-id=\"100e9eb5\" data-element_type=\"section\" data-e-type=\"section\" data-settings=\"{&quot;jet_parallax_layout_list&quot;:[{&quot;_id&quot;:&quot;84bf54e&quot;,&quot;jet_parallax_layout_image&quot;:{&quot;url&quot;:&quot;&quot;,&quot;id&quot;:&quot;&quot;,&quot;size&quot;:&quot;&quot;},&quot;jet_parallax_layout_image_tablet&quot;:{&quot;url&quot;:&quot;&quot;,&quot;id&quot;:&quot;&quot;,&quot;size&quot;:&quot;&quot;},&quot;jet_parallax_layout_image_mobile&quot;:{&quot;url&quot;:&quot;&quot;,&quot;id&quot;:&quot;&quot;,&quot;size&quot;:&quot;&quot;},&quot;jet_parallax_layout_speed&quot;:{&quot;unit&quot;:&quot;%&quot;,&quot;size&quot;:50,&quot;sizes&quot;:[]},&quot;jet_parallax_layout_type&quot;:&quot;scroll&quot;,&quot;jet_parallax_layout_direction&quot;:&quot;1&quot;,&quot;jet_parallax_layout_fx_direction&quot;:null,&quot;jet_parallax_layout_z_index&quot;:&quot;&quot;,&quot;jet_parallax_layout_bg_x&quot;:50,&quot;jet_parallax_layout_bg_x_tablet&quot;:&quot;&quot;,&quot;jet_parallax_layout_bg_x_mobile&quot;:&quot;&quot;,&quot;jet_parallax_layout_bg_y&quot;:50,&quot;jet_parallax_layout_bg_y_tablet&quot;:&quot;&quot;,&quot;jet_parallax_layout_bg_y_mobile&quot;:&quot;&quot;,&quot;jet_parallax_layout_bg_size&quot;:&quot;auto&quot;,&quot;jet_parallax_layout_bg_size_tablet&quot;:&quot;&quot;,&quot;jet_parallax_layout_bg_size_mobile&quot;:&quot;&quot;,&quot;jet_parallax_layout_animation_prop&quot;:&quot;transform&quot;,&quot;jet_parallax_layout_on&quot;:[&quot;desktop&quot;,&quot;tablet&quot;]}]}\">\n\t\t\t\t\t\t<div class=\"elementor-container elementor-column-gap-no\">\n\t\t\t\t\t<div class=\"elementor-column elementor-col-50 elementor-top-column elementor-element elementor-element-5c69d222\" data-id=\"5c69d222\" data-element_type=\"column\" data-e-type=\"column\">\n\t\t\t<div class=\"elementor-widget-wrap elementor-element-populated\">\n\t\t\t\t\t\t<div class=\"elementor-element elementor-element-41f94958 elementor-widget elementor-widget-dt-shop-product-images-default\" data-id=\"41f94958\" data-element_type=\"widget\" data-e-type=\"widget\" data-widget_type=\"dt-shop-product-images-default.default\">\n\t\t\t\t<div class=\"elementor-widget-container\">\n\t\t\t\t\t<div class=\"woocommerce-product-gallery woocommerce-product-gallery--with-images woocommerce-product-gallery--columns-4 images\" data-columns=\"4\" style=\"opacity: 0; transition: opacity .25s ease-in-out;\">\r\n\t<figure class=\"woocommerce-product-gallery__wrapper\">\r\n\t\t<div data-thumb=\"https:\/\/smartskin.al\/wp-content\/uploads\/2022\/11\/100-gift-150x150.jpeg\" data-thumb-alt=\"Gift Card Silver - 100 Euro\" data-thumb-srcset=\"\"  data-thumb-sizes=\"(max-width: 100px) 100vw, 100px\" class=\"woocommerce-product-gallery__image\"><a href=\"https:\/\/smartskin.al\/wp-content\/uploads\/2022\/11\/100-gift.jpeg\"><img fetchpriority=\"high\" decoding=\"async\" width=\"514\" height=\"331\" src=\"https:\/\/smartskin.al\/wp-content\/uploads\/2022\/11\/100-gift.jpeg\" class=\"wp-post-image\" alt=\"Gift Card Silver - 100 Euro\" data-caption=\"\" data-src=\"https:\/\/smartskin.al\/wp-content\/uploads\/2022\/11\/100-gift.jpeg\" data-large_image=\"https:\/\/smartskin.al\/wp-content\/uploads\/2022\/11\/100-gift.jpeg\" data-large_image_width=\"514\" data-large_image_height=\"331\" srcset=\"https:\/\/smartskin.al\/wp-content\/uploads\/2022\/11\/100-gift.jpeg 514w, https:\/\/smartskin.al\/wp-content\/uploads\/2022\/11\/100-gift-300x193.jpeg 300w, https:\/\/smartskin.al\/wp-content\/uploads\/2022\/11\/100-gift-18x12.jpeg 18w, https:\/\/smartskin.al\/wp-content\/uploads\/2022\/11\/100-gift-100x64.jpeg 100w\" sizes=\"(max-width: 514px) 100vw, 514px\" \/><\/a><\/div>\t<\/figure>\r\n\t<\/div>\r\n\t\t\t\t<\/div>\n\t\t\t\t<\/div>\n\t\t\t\t\t<\/div>\n\t\t<\/div>\n\t\t\t\t<div class=\"elementor-column elementor-col-50 elementor-top-column elementor-element elementor-element-57ba95f0\" data-id=\"57ba95f0\" data-element_type=\"column\" data-e-type=\"column\">\n\t\t\t<div class=\"elementor-widget-wrap elementor-element-populated\">\n\t\t\t\t\t\t<div class=\"elementor-element elementor-element-1556497b elementor-widget elementor-widget-dt-shop-product-single-summary\" data-id=\"1556497b\" data-element_type=\"widget\" data-e-type=\"widget\" data-widget_type=\"dt-shop-product-single-summary.default\">\n\t\t\t\t<div class=\"elementor-widget-container\">\n\t\t\t\t\t<div class=\"dt-sc-product-summary summary entry-summary  \"><div class=\"dt-sc-single-product-title\"><h1 class=\"product_title entry-title\">Gift Card Silver &#8211; 100 Euro<\/h1><\/div><div class=\"dt-sc-single-product-price\"><p class=\"price\"><span class=\"woocommerce-Price-amount amount\"><bdi>10,000.00<span class=\"woocommerce-Price-currencySymbol\">L<\/span><\/bdi><\/span><\/p><\/div><div class=\"woocommerce-product-details__short-description\">\n\t<p>Give your loved ones the favorite SmartSkin product!<\/p>\n<\/div>\n<div class=\"product-buttons-wrapper product-button product-button-cart style-skin-brdrfill radius-circle align-inline \"><div class=\"wc_inline_buttons\"><div class=\"wcwl_btn_wrapper wc_btn_inline\">\n\t\n\t<form class=\"cart\" action=\"https:\/\/smartskin.al\/al\/shop\/gift-your-loved-ones-their-favorite-skin-care-product\" method=\"post\" enctype='multipart\/form-data'>\n\t\t\n\t\t\t<div class=\"quantity \">\r\n\t\t\t\t<label class=\"screen-reader-text\" for=\"quantity_69ea38429ea17\">Gift Card Silver - 100 Euro quantity<\/label>\r\n\t\t<input\r\n\t\t\ttype=\"text\"\r\n\t\t\tid=\"quantity_69ea38429ea17\"\r\n\t\t\tclass=\"input-text qty text\"\r\n\t\t\tstep=\"1\"\r\n\t\t\tmin=\"1\"\r\n\t\t\tmax=\"\"\r\n\t\t\tname=\"quantity\"\r\n\t\t\tvalue=\"1\"\r\n\t\t\ttitle=\"Qty\"\r\n\t\t\tsize=\"4\"\r\n\t\t\tinputmode=\"numeric\" \/>\r\n\r\n\t\t\t\r\n\t        <a class=\"plus arrow-plus\" href=\"#\"><i class=\"fa fa-caret-up\"><\/i><\/a>\r\n\t        <a class=\"minus arrow-minus\" href=\"#\"><i class=\"fa fa-caret-down\"><\/i><\/a>\r\n\t\t\t\r\n\t\t\t\t\t\r\n\t<\/div>\r\n\t\n\t\t<button type=\"submit\" name=\"add-to-cart\" value=\"23730\" class=\"single_add_to_cart_button button alt\">Shto n\u00eb shport\u00eb<\/button>\n\n\t\t\t<\/form>\n\n\t\n<\/div><\/div><\/div><div class=\"dt-sc-single-product-separator\"><\/div><div class=\"dt-sc-single-product-share-container style-simple  \"><a class=\"dt-sc-single-product-share-item-icon\">Share:<\/a><ul class=\"dt-sc-single-product-share-list\"><li> <a href=\"\/\/www.facebook.com\/sharer.php?u=https:\/\/smartskin.al\/al\/shop\/air-face-day-minus&amp;t=Air+Face+Day+%26%238211%3B+%28young+skin%29\" title=\"facebook\" target=\"_blank\"> <span class=\"fab fa-facebook\"><\/span>  <\/a> <\/li><li> <a href=\"\/\/twitter.com\/home\/?status=https:\/\/smartskin.al\/al\/shop\/air-face-day-minus:Air+Face+Day+%26%238211%3B+%28young+skin%29\" title=\"twitter\" target=\"_blank\"> <span class=\"fab fa-twitter\"><\/span>  <\/a> <\/li><li> <a href=\"\/\/www.linkedin.com\/shareArticle?mini=true&amp;title=Air+Face+Day+%26%238211%3B+%28young+skin%29&amp;url=https:\/\/smartskin.al\/al\/shop\/air-face-day-minus\" title=\"linkedin\" target=\"_blank\"> <span class=\"fab fa-linkedin\"><\/span>  <\/a> <\/li><\/ul><\/div><\/div>\t\t\t\t<\/div>\n\t\t\t\t<\/div>\n\t\t\t\t\t<\/div>\n\t\t<\/div>\n\t\t\t\t\t<\/div>\n\t\t<\/section>\n\t\t\t\t<section class=\"elementor-section elementor-top-section elementor-element elementor-element-820384c elementor-section-boxed elementor-section-height-default elementor-section-height-default\" data-id=\"820384c\" data-element_type=\"section\" data-e-type=\"section\" data-settings=\"{&quot;jet_parallax_layout_list&quot;:[{&quot;jet_parallax_layout_image&quot;:{&quot;url&quot;:&quot;&quot;,&quot;id&quot;:&quot;&quot;,&quot;size&quot;:&quot;&quot;},&quot;_id&quot;:&quot;2111d0f&quot;,&quot;jet_parallax_layout_image_tablet&quot;:{&quot;url&quot;:&quot;&quot;,&quot;id&quot;:&quot;&quot;,&quot;size&quot;:&quot;&quot;},&quot;jet_parallax_layout_image_mobile&quot;:{&quot;url&quot;:&quot;&quot;,&quot;id&quot;:&quot;&quot;,&quot;size&quot;:&quot;&quot;},&quot;jet_parallax_layout_speed&quot;:{&quot;unit&quot;:&quot;%&quot;,&quot;size&quot;:50,&quot;sizes&quot;:[]},&quot;jet_parallax_layout_type&quot;:&quot;scroll&quot;,&quot;jet_parallax_layout_direction&quot;:&quot;1&quot;,&quot;jet_parallax_layout_fx_direction&quot;:null,&quot;jet_parallax_layout_z_index&quot;:&quot;&quot;,&quot;jet_parallax_layout_bg_x&quot;:50,&quot;jet_parallax_layout_bg_x_tablet&quot;:&quot;&quot;,&quot;jet_parallax_layout_bg_x_mobile&quot;:&quot;&quot;,&quot;jet_parallax_layout_bg_y&quot;:50,&quot;jet_parallax_layout_bg_y_tablet&quot;:&quot;&quot;,&quot;jet_parallax_layout_bg_y_mobile&quot;:&quot;&quot;,&quot;jet_parallax_layout_bg_size&quot;:&quot;auto&quot;,&quot;jet_parallax_layout_bg_size_tablet&quot;:&quot;&quot;,&quot;jet_parallax_layout_bg_size_mobile&quot;:&quot;&quot;,&quot;jet_parallax_layout_animation_prop&quot;:&quot;transform&quot;,&quot;jet_parallax_layout_on&quot;:[&quot;desktop&quot;,&quot;tablet&quot;]}]}\">\n\t\t\t\t\t\t<div class=\"elementor-container elementor-column-gap-default\">\n\t\t\t\t\t<div class=\"elementor-column elementor-col-100 elementor-top-column elementor-element elementor-element-4bcf899\" data-id=\"4bcf899\" data-element_type=\"column\" data-e-type=\"column\">\n\t\t\t<div class=\"elementor-widget-wrap elementor-element-populated\">\n\t\t\t\t\t\t<div class=\"elementor-element elementor-element-db3bd62 elementor-widget elementor-widget-heading\" data-id=\"db3bd62\" data-element_type=\"widget\" data-e-type=\"widget\" data-widget_type=\"heading.default\">\n\t\t\t\t<div class=\"elementor-widget-container\">\n\t\t\t\t\t<h4 class=\"elementor-heading-title elementor-size-default\">Related Products<\/h4>\t\t\t\t<\/div>\n\t\t\t\t<\/div>\n\t\t\t\t<div class=\"elementor-element elementor-element-d8cece9 elementor-widget elementor-widget-dt-shop-related-products\" data-id=\"d8cece9\" data-element_type=\"widget\" data-e-type=\"widget\" data-widget_type=\"dt-shop-related-products.default\">\n\t\t\t\t<div class=\"elementor-widget-container\">\n\t\t\t\t\tPlease provide product id to display corresponding data!\t\t\t\t<\/div>\n\t\t\t\t<\/div>\n\t\t\t\t\t<\/div>\n\t\t<\/div>\n\t\t\t\t\t<\/div>\n\t\t<\/section>\n\t\t\t\t<\/div>\n\t\t","protected":false},"excerpt":{"rendered":"<p>Dhurojini t\u00eb dashurve te tu produktin e preferuar SmartSkin!<\/p>","protected":false},"featured_media":23797,"comment_status":"open","ping_status":"closed","template":"","meta":[],"product_brand":[],"product_cat":[15],"product_tag":[69],"class_list":{"0":"post-23730","1":"product","2":"type-product","3":"status-publish","4":"has-post-thumbnail","6":"product_cat-smart-skin","7":"product_tag-smart","10":"instock","11":"virtual","12":"purchasable","13":"product-type-simple","14":"product-grid-view"},"yoast_head":"<!-- This site is optimized with the Yoast SEO Premium plugin v26.8 (Yoast SEO v27.4) - https:\/\/yoast.com\/product\/yoast-seo-premium-wordpress\/ -->\n<title>Gift your loved ones their favorite skin care product<\/title>\n<meta name=\"description\" content=\"Which is their favorite skin care product? Let&#039;s find out, use our gift card. Gift your loved ones their favorite skin care product!\" \/>\n<meta name=\"robots\" content=\"index, follow, max-snippet:-1, max-image-preview:large, max-video-preview:-1\" \/>\n<link rel=\"canonical\" href=\"https:\/\/smartskin.al\/al\/shop\/gift-your-loved-ones-their-favorite-skin-care-product\/\" \/>\n<meta property=\"og:locale\" content=\"sq_AL\" \/>\n<meta property=\"og:type\" content=\"article\" \/>\n<meta property=\"og:title\" content=\"Gift Card Silver - 100 Euro\" \/>\n<meta property=\"og:description\" content=\"Which is their favorite skin care product? Let&#039;s find out, use our gift card. Gift your loved ones their favorite skin care product!\" \/>\n<meta property=\"og:url\" content=\"https:\/\/smartskin.al\/al\/shop\/gift-your-loved-ones-their-favorite-skin-care-product\/\" \/>\n<meta property=\"og:site_name\" content=\"Smart Skin\" \/>\n<meta property=\"article:modified_time\" content=\"2024-05-12T12:13:41+00:00\" \/>\n<meta property=\"og:image\" content=\"https:\/\/smartskin.al\/wp-content\/uploads\/2022\/11\/100-gift.jpeg\" \/>\n\t<meta property=\"og:image:width\" content=\"514\" \/>\n\t<meta property=\"og:image:height\" content=\"331\" \/>\n\t<meta property=\"og:image:type\" content=\"image\/jpeg\" \/>\n<meta name=\"twitter:card\" content=\"summary_large_image\" \/>\n<meta name=\"twitter:label1\" content=\"Est. reading time\" \/>\n\t<meta name=\"twitter:data1\" content=\"1 minut\u00eb\" \/>\n<script type=\"application\/ld+json\" class=\"yoast-schema-graph\">{\"@context\":\"https:\\\/\\\/schema.org\",\"@graph\":[{\"@type\":\"WebPage\",\"@id\":\"https:\\\/\\\/smartskin.al\\\/shop\\\/gift-your-loved-ones-their-favorite-skin-care-product\\\/\",\"url\":\"https:\\\/\\\/smartskin.al\\\/shop\\\/gift-your-loved-ones-their-favorite-skin-care-product\\\/\",\"name\":\"Gift your loved ones their favorite skin care product\",\"isPartOf\":{\"@id\":\"https:\\\/\\\/smartskin.al\\\/#website\"},\"primaryImageOfPage\":{\"@id\":\"https:\\\/\\\/smartskin.al\\\/shop\\\/gift-your-loved-ones-their-favorite-skin-care-product\\\/#primaryimage\"},\"image\":{\"@id\":\"https:\\\/\\\/smartskin.al\\\/shop\\\/gift-your-loved-ones-their-favorite-skin-care-product\\\/#primaryimage\"},\"thumbnailUrl\":\"https:\\\/\\\/smartskin.al\\\/wp-content\\\/uploads\\\/2022\\\/11\\\/100-gift.jpeg\",\"datePublished\":\"2022-11-21T18:37:22+00:00\",\"dateModified\":\"2024-05-12T12:13:41+00:00\",\"description\":\"Which is their favorite skin care product? Let's find out, use our gift card. Gift your loved ones their favorite skin care product!\",\"breadcrumb\":{\"@id\":\"https:\\\/\\\/smartskin.al\\\/shop\\\/gift-your-loved-ones-their-favorite-skin-care-product\\\/#breadcrumb\"},\"inLanguage\":\"sq\",\"potentialAction\":[{\"@type\":\"ReadAction\",\"target\":[\"https:\\\/\\\/smartskin.al\\\/shop\\\/gift-your-loved-ones-their-favorite-skin-care-product\\\/\"]}]},{\"@type\":\"ImageObject\",\"inLanguage\":\"sq\",\"@id\":\"https:\\\/\\\/smartskin.al\\\/shop\\\/gift-your-loved-ones-their-favorite-skin-care-product\\\/#primaryimage\",\"url\":\"https:\\\/\\\/smartskin.al\\\/wp-content\\\/uploads\\\/2022\\\/11\\\/100-gift.jpeg\",\"contentUrl\":\"https:\\\/\\\/smartskin.al\\\/wp-content\\\/uploads\\\/2022\\\/11\\\/100-gift.jpeg\",\"width\":514,\"height\":331},{\"@type\":\"BreadcrumbList\",\"@id\":\"https:\\\/\\\/smartskin.al\\\/shop\\\/gift-your-loved-ones-their-favorite-skin-care-product\\\/#breadcrumb\",\"itemListElement\":[{\"@type\":\"ListItem\",\"position\":1,\"name\":\"Home\",\"item\":\"https:\\\/\\\/smartskin.al\\\/\"},{\"@type\":\"ListItem\",\"position\":2,\"name\":\"Shop\",\"item\":\"https:\\\/\\\/smartskin.al\\\/selected-skin-care-products-from-italy-to-albania\"},{\"@type\":\"ListItem\",\"position\":3,\"name\":\"Gift Card Silver &#8211; 100 Euro\"}]},{\"@type\":\"WebSite\",\"@id\":\"https:\\\/\\\/smartskin.al\\\/#website\",\"url\":\"https:\\\/\\\/smartskin.al\\\/\",\"name\":\"Smart Skin\",\"description\":\"Smartphone-i i Bukuris\u00eb p\u00ebr L\u00ebkur\u00ebn\",\"publisher\":{\"@id\":\"https:\\\/\\\/smartskin.al\\\/#organization\"},\"potentialAction\":[{\"@type\":\"SearchAction\",\"target\":{\"@type\":\"EntryPoint\",\"urlTemplate\":\"https:\\\/\\\/smartskin.al\\\/?s={search_term_string}\"},\"query-input\":{\"@type\":\"PropertyValueSpecification\",\"valueRequired\":true,\"valueName\":\"search_term_string\"}}],\"inLanguage\":\"sq\"},{\"@type\":\"Organization\",\"@id\":\"https:\\\/\\\/smartskin.al\\\/#organization\",\"name\":\"Smart Skin\",\"url\":\"https:\\\/\\\/smartskin.al\\\/\",\"logo\":{\"@type\":\"ImageObject\",\"inLanguage\":\"sq\",\"@id\":\"https:\\\/\\\/smartskin.al\\\/#\\\/schema\\\/logo\\\/image\\\/\",\"url\":\"https:\\\/\\\/smartskin.al\\\/wp-content\\\/uploads\\\/2020\\\/04\\\/logo-1.png\",\"contentUrl\":\"https:\\\/\\\/smartskin.al\\\/wp-content\\\/uploads\\\/2020\\\/04\\\/logo-1.png\",\"width\":212,\"height\":400,\"caption\":\"Smart Skin\"},\"image\":{\"@id\":\"https:\\\/\\\/smartskin.al\\\/#\\\/schema\\\/logo\\\/image\\\/\"}}]}<\/script>\n<!-- \/ Yoast SEO Premium plugin. -->","yoast_head_json":{"title":"Gift your loved ones their favorite skin care product","description":"Which is their favorite skin care product? Let's find out, use our gift card. Gift your loved ones their favorite skin care product!","robots":{"index":"index","follow":"follow","max-snippet":"max-snippet:-1","max-image-preview":"max-image-preview:large","max-video-preview":"max-video-preview:-1"},"canonical":"https:\/\/smartskin.al\/al\/shop\/gift-your-loved-ones-their-favorite-skin-care-product\/","og_locale":"sq_AL","og_type":"article","og_title":"Gift Card Silver - 100 Euro","og_description":"Which is their favorite skin care product? Let's find out, use our gift card. Gift your loved ones their favorite skin care product!","og_url":"https:\/\/smartskin.al\/al\/shop\/gift-your-loved-ones-their-favorite-skin-care-product\/","og_site_name":"Smart Skin","article_modified_time":"2024-05-12T12:13:41+00:00","og_image":[{"width":514,"height":331,"url":"https:\/\/smartskin.al\/wp-content\/uploads\/2022\/11\/100-gift.jpeg","type":"image\/jpeg"}],"twitter_card":"summary_large_image","twitter_misc":{"Est. reading time":"1 minut\u00eb"},"schema":{"@context":"https:\/\/schema.org","@graph":[{"@type":"WebPage","@id":"https:\/\/smartskin.al\/shop\/gift-your-loved-ones-their-favorite-skin-care-product\/","url":"https:\/\/smartskin.al\/shop\/gift-your-loved-ones-their-favorite-skin-care-product\/","name":"Gift your loved ones their favorite skin care product","isPartOf":{"@id":"https:\/\/smartskin.al\/#website"},"primaryImageOfPage":{"@id":"https:\/\/smartskin.al\/shop\/gift-your-loved-ones-their-favorite-skin-care-product\/#primaryimage"},"image":{"@id":"https:\/\/smartskin.al\/shop\/gift-your-loved-ones-their-favorite-skin-care-product\/#primaryimage"},"thumbnailUrl":"https:\/\/smartskin.al\/wp-content\/uploads\/2022\/11\/100-gift.jpeg","datePublished":"2022-11-21T18:37:22+00:00","dateModified":"2024-05-12T12:13:41+00:00","description":"Which is their favorite skin care product? Let's find out, use our gift card. Gift your loved ones their favorite skin care product!","breadcrumb":{"@id":"https:\/\/smartskin.al\/shop\/gift-your-loved-ones-their-favorite-skin-care-product\/#breadcrumb"},"inLanguage":"sq","potentialAction":[{"@type":"ReadAction","target":["https:\/\/smartskin.al\/shop\/gift-your-loved-ones-their-favorite-skin-care-product\/"]}]},{"@type":"ImageObject","inLanguage":"sq","@id":"https:\/\/smartskin.al\/shop\/gift-your-loved-ones-their-favorite-skin-care-product\/#primaryimage","url":"https:\/\/smartskin.al\/wp-content\/uploads\/2022\/11\/100-gift.jpeg","contentUrl":"https:\/\/smartskin.al\/wp-content\/uploads\/2022\/11\/100-gift.jpeg","width":514,"height":331},{"@type":"BreadcrumbList","@id":"https:\/\/smartskin.al\/shop\/gift-your-loved-ones-their-favorite-skin-care-product\/#breadcrumb","itemListElement":[{"@type":"ListItem","position":1,"name":"Home","item":"https:\/\/smartskin.al\/"},{"@type":"ListItem","position":2,"name":"Shop","item":"https:\/\/smartskin.al\/selected-skin-care-products-from-italy-to-albania"},{"@type":"ListItem","position":3,"name":"Gift Card Silver &#8211; 100 Euro"}]},{"@type":"WebSite","@id":"https:\/\/smartskin.al\/#website","url":"https:\/\/smartskin.al\/","name":"Smart Skin","description":"Smartphone-i i Bukuris\u00eb p\u00ebr L\u00ebkur\u00ebn","publisher":{"@id":"https:\/\/smartskin.al\/#organization"},"potentialAction":[{"@type":"SearchAction","target":{"@type":"EntryPoint","urlTemplate":"https:\/\/smartskin.al\/?s={search_term_string}"},"query-input":{"@type":"PropertyValueSpecification","valueRequired":true,"valueName":"search_term_string"}}],"inLanguage":"sq"},{"@type":"Organization","@id":"https:\/\/smartskin.al\/#organization","name":"Smart Skin","url":"https:\/\/smartskin.al\/","logo":{"@type":"ImageObject","inLanguage":"sq","@id":"https:\/\/smartskin.al\/#\/schema\/logo\/image\/","url":"https:\/\/smartskin.al\/wp-content\/uploads\/2020\/04\/logo-1.png","contentUrl":"https:\/\/smartskin.al\/wp-content\/uploads\/2020\/04\/logo-1.png","width":212,"height":400,"caption":"Smart Skin"},"image":{"@id":"https:\/\/smartskin.al\/#\/schema\/logo\/image\/"}}]}},"_links":{"self":[{"href":"https:\/\/smartskin.al\/al\/wp-json\/wp\/v2\/product\/23730","targetHints":{"allow":["GET"]}}],"collection":[{"href":"https:\/\/smartskin.al\/al\/wp-json\/wp\/v2\/product"}],"about":[{"href":"https:\/\/smartskin.al\/al\/wp-json\/wp\/v2\/types\/product"}],"replies":[{"embeddable":true,"href":"https:\/\/smartskin.al\/al\/wp-json\/wp\/v2\/comments?post=23730"}],"version-history":[{"count":9,"href":"https:\/\/smartskin.al\/al\/wp-json\/wp\/v2\/product\/23730\/revisions"}],"predecessor-version":[{"id":23748,"href":"https:\/\/smartskin.al\/al\/wp-json\/wp\/v2\/product\/23730\/revisions\/23748"}],"wp:featuredmedia":[{"embeddable":true,"href":"https:\/\/smartskin.al\/al\/wp-json\/wp\/v2\/media\/23797"}],"wp:attachment":[{"href":"https:\/\/smartskin.al\/al\/wp-json\/wp\/v2\/media?parent=23730"}],"wp:term":[{"taxonomy":"product_brand","embeddable":true,"href":"https:\/\/smartskin.al\/al\/wp-json\/wp\/v2\/product_brand?post=23730"},{"taxonomy":"product_cat","embeddable":true,"href":"https:\/\/smartskin.al\/al\/wp-json\/wp\/v2\/product_cat?post=23730"},{"taxonomy":"product_tag","embeddable":true,"href":"https:\/\/smartskin.al\/al\/wp-json\/wp\/v2\/product_tag?post=23730"}],"curies":[{"name":"wp","href":"https:\/\/api.w.org\/{rel}","templated":true}]}}